{"id":9097,"date":"2022-04-06T14:46:33","date_gmt":"2022-04-06T12:46:33","guid":{"rendered":"https:\/\/mansstudio.com\/contacte\/"},"modified":"2024-06-12T09:14:47","modified_gmt":"2024-06-12T07:14:47","slug":"contacte","status":"publish","type":"page","link":"https:\/\/mansstudio.com\/ca\/contacte\/","title":{"rendered":"Contacte"},"content":{"rendered":"\t\t<div data-elementor-type=\"wp-page\" data-elementor-id=\"9097\" class=\"elementor elementor-9097 elementor-8064\">\n\t\t\t\t\t\t\t\t\t<section class=\"elementor-section elementor-top-section elementor-element elementor-element-1d3038bb elementor-section-content-middle elementor-section-boxed elementor-section-height-default elementor-section-height-default\" data-id=\"1d3038bb\" data-element_type=\"section\">\n\t\t\t\t\t\t<div class=\"elementor-container elementor-column-gap-default\">\n\t\t\t\t\t<div class=\"elementor-column elementor-col-100 elementor-top-column elementor-element elementor-element-5282d8c9\" data-id=\"5282d8c9\" data-element_type=\"column\">\n\t\t\t<div class=\"elementor-widget-wrap elementor-element-populated\">\n\t\t\t\t\t\t\t\t<div class=\"elementor-element elementor-element-125798be elementor-widget elementor-widget-hub_fancy_heading\" data-id=\"125798be\" data-element_type=\"widget\" data-widget_type=\"hub_fancy_heading.default\">\n\t\t\t\t<div class=\"elementor-widget-container\">\n\t\t\t\n\t\t<div id=\"ld-fancy-heading-69d0f82fb5513\" class=\"ld-fancy-heading pos-rel\">\n\t\t\t<h2 class=\"ld-fh-element d-inline-block pos-rel  elementor-heading-title lqd-highlight-classic lqd-highlight-grow-left h2\"  > Vols contactar amb nosaltres?<\/h2>\t\t<\/div>\n\n\t\t\t\t<\/div>\n\t\t\t\t<\/div>\n\t\t\t\t\t<\/div>\n\t\t<\/div>\n\t\t\t\t<div class=\"elementor-column elementor-col-100 elementor-top-column elementor-element elementor-element-4877aa59\" data-id=\"4877aa59\" data-element_type=\"column\">\n\t\t\t<div class=\"elementor-widget-wrap elementor-element-populated\">\n\t\t\t\t\t\t\t\t<section class=\"elementor-section elementor-inner-section elementor-element elementor-element-49fbf96d elementor-section-boxed elementor-section-height-default elementor-section-height-default\" data-id=\"49fbf96d\" data-element_type=\"section\">\n\t\t\t\t\t\t<div class=\"elementor-container elementor-column-gap-default\">\n\t\t\t\t\t<div class=\"elementor-column elementor-col-50 elementor-inner-column elementor-element elementor-element-5d51e3b2\" data-id=\"5d51e3b2\" data-element_type=\"column\">\n\t\t\t<div class=\"elementor-widget-wrap elementor-element-populated\">\n\t\t\t\t\t\t\t\t<div class=\"elementor-element elementor-element-4e379958 elementor-widget elementor-widget-hub_fancy_heading\" data-id=\"4e379958\" data-element_type=\"widget\" data-widget_type=\"hub_fancy_heading.default\">\n\t\t\t\t<div class=\"elementor-widget-container\">\n\t\t\t\n\t\t<div id=\"ld-fancy-heading-69d0f82fb7631\" class=\"ld-fancy-heading pos-rel\">\n\t\t\t<p class=\"ld-fh-element d-inline-block pos-rel  lqd-highlight-classic lqd-highlight-grow-left p\"  > MANS ARQUITECTURA INTERIOR<\/p>\t\t<\/div>\n\n\t\t\t\t<\/div>\n\t\t\t\t<\/div>\n\t\t\t\t<div class=\"elementor-element elementor-element-752dd583 elementor-widget elementor-widget-hub_fancy_heading\" data-id=\"752dd583\" data-element_type=\"widget\" data-widget_type=\"hub_fancy_heading.default\">\n\t\t\t\t<div class=\"elementor-widget-container\">\n\t\t\t\n\t\t<div id=\"ld-fancy-heading-69d0f82fb88bf\" class=\"ld-fancy-heading pos-rel\">\n\t\t\t<p class=\"ld-fh-element d-inline-block pos-rel  lqd-highlight-classic lqd-highlight-grow-left p\"  > Avd. President Companys, 6 Local 1<br>\n08911 \u2013 Badalona<br>\nBarcelona (Espa\u00f1a)<\/p>\t\t<\/div>\n\n\t\t\t\t<\/div>\n\t\t\t\t<\/div>\n\t\t\t\t<div class=\"elementor-element elementor-element-5d33e34c elementor-widget elementor-widget-hub_fancy_heading\" data-id=\"5d33e34c\" data-element_type=\"widget\" data-widget_type=\"hub_fancy_heading.default\">\n\t\t\t\t<div class=\"elementor-widget-container\">\n\t\t\t\n\t\t<div id=\"ld-fancy-heading-69d0f82fb9b24\" class=\"ld-fancy-heading pos-rel\">\n\t\t\t<p class=\"ld-fh-element d-inline-block pos-rel  lqd-highlight-classic lqd-highlight-grow-left p\"  > 934661718 \/ 607876889<br><\/p>\t\t<\/div>\n\n\t\t\t\t<\/div>\n\t\t\t\t<\/div>\n\t\t\t\t<div class=\"elementor-element elementor-element-3c115bf elementor-widget elementor-widget-hub_fancy_heading\" data-id=\"3c115bf\" data-element_type=\"widget\" data-widget_type=\"hub_fancy_heading.default\">\n\t\t\t\t<div class=\"elementor-widget-container\">\n\t\t\t\n\t\t<div id=\"ld-fancy-heading-69d0f82fbadd0\" class=\"ld-fancy-heading pos-rel\">\n\t\t\t<p class=\"ld-fh-element d-inline-block pos-rel  lqd-highlight-classic lqd-highlight-grow-left p\"  > mansstudio@mansstudio.com<\/p>\t\t<\/div>\n\n\t\t\t\t<\/div>\n\t\t\t\t<\/div>\n\t\t\t\t<div class=\"elementor-element elementor-element-fa2dbd3 elementor-widget elementor-widget-hub_fancy_heading\" data-id=\"fa2dbd3\" data-element_type=\"widget\" data-widget_type=\"hub_fancy_heading.default\">\n\t\t\t\t<div class=\"elementor-widget-container\">\n\t\t\t\n\t\t<div id=\"ld-fancy-heading-69d0f82fbc062\" class=\"ld-fancy-heading pos-rel\">\n\t\t\t<p class=\"ld-fh-element d-inline-block pos-rel  lqd-highlight-classic lqd-highlight-grow-left p\"  > administracion@mansstudio.com<\/p>\t\t<\/div>\n\n\t\t\t\t<\/div>\n\t\t\t\t<\/div>\n\t\t\t\t<div class=\"elementor-element elementor-element-5db38ba elementor-icon-list--layout-traditional elementor-list-item-link-full_width elementor-widget elementor-widget-icon-list\" data-id=\"5db38ba\" data-element_type=\"widget\" data-widget_type=\"icon-list.default\">\n\t\t\t\t<div class=\"elementor-widget-container\">\n\t\t\t<link rel=\"stylesheet\" href=\"https:\/\/mansstudio.com\/wp-content\/uploads\/elementor\/css\/custom-widget-icon-list.min.css?ver=1736512497\">\t\t<ul class=\"elementor-icon-list-items\">\n\t\t\t\t\t\t\t<li class=\"elementor-icon-list-item\">\n\t\t\t\t\t\t\t\t\t\t\t<a href=\"https:\/\/www.instagram.com\/mans.arquitectura.interior\/\" target=\"_blank\">\n\n\t\t\t\t\t\t\t\t\t\t\t\t<span class=\"elementor-icon-list-icon\">\n\t\t\t\t\t\t\t<i aria-hidden=\"true\" class=\"fab fa-instagram\"><\/i>\t\t\t\t\t\t<\/span>\n\t\t\t\t\t\t\t\t\t\t<span class=\"elementor-icon-list-text\">@mansstudio<\/span>\n\t\t\t\t\t\t\t\t\t\t\t<\/a>\n\t\t\t\t\t\t\t\t\t<\/li>\n\t\t\t\t\t\t\t\t<li class=\"elementor-icon-list-item\">\n\t\t\t\t\t\t\t\t\t\t\t<a href=\"https:\/\/www.facebook.com\/mansstudio\/\" target=\"_blank\">\n\n\t\t\t\t\t\t\t\t\t\t\t\t<span class=\"elementor-icon-list-icon\">\n\t\t\t\t\t\t\t<i aria-hidden=\"true\" class=\"fab fa-facebook-square\"><\/i>\t\t\t\t\t\t<\/span>\n\t\t\t\t\t\t\t\t\t\t<span class=\"elementor-icon-list-text\">@mansstudio<\/span>\n\t\t\t\t\t\t\t\t\t\t\t<\/a>\n\t\t\t\t\t\t\t\t\t<\/li>\n\t\t\t\t\t\t<\/ul>\n\t\t\t\t<\/div>\n\t\t\t\t<\/div>\n\t\t\t\t\t<\/div>\n\t\t<\/div>\n\t\t\t\t<div class=\"elementor-column elementor-col-50 elementor-inner-column elementor-element elementor-element-25ebbb54\" data-id=\"25ebbb54\" data-element_type=\"column\">\n\t\t\t<div class=\"elementor-widget-wrap elementor-element-populated\">\n\t\t\t\t\t\t\t\t<div class=\"elementor-element elementor-element-cf0aee6 elementor-widget elementor-widget-html\" data-id=\"cf0aee6\" data-element_type=\"widget\" data-widget_type=\"html.default\">\n\t\t\t\t<div class=\"elementor-widget-container\">\n\t\t\t<iframe src=\"https:\/\/www.google.com\/maps\/embed?pb=!1m18!1m12!1m3!1d2990.3820298189444!2d2.2469788765685608!3d41.452628791945116!2m3!1f0!2f0!3f0!3m2!1i1024!2i768!4f13.1!3m3!1m2!1s0x12a4bc903051a6e3%3A0xdbcf3b920c8a72c9!2sMans%20Arquitectura%20Interior!5e0!3m2!1ses!2ses!4v1702635044585!5m2!1ses!2ses\" width=\"600\" height=\"450\" style=\"border:0;\" allowfullscreen=\"\" loading=\"lazy\" referrerpolicy=\"no-referrer-when-downgrade\"><\/iframe>\t\t<\/div>\n\t\t\t\t<\/div>\n\t\t\t\t\t<\/div>\n\t\t<\/div>\n\t\t\t\t\t\t\t<\/div>\n\t\t<\/section>\n\t\t\t\t\t<\/div>\n\t\t<\/div>\n\t\t\t\t<div class=\"elementor-column elementor-col-100 elementor-top-column elementor-element elementor-element-47f3dc45\" data-id=\"47f3dc45\" data-element_type=\"column\">\n\t\t\t<div class=\"elementor-widget-wrap\">\n\t\t\t\t\t\t\t\t\t<\/div>\n\t\t<\/div>\n\t\t\t\t\t\t\t<\/div>\n\t\t<\/section>\n\t\t\t\t<section data-parallax=\"true\" data-parallax-options=\"{&quot;ease&quot;:[&quot;linear&quot;],&quot;start&quot;:&quot;top top&quot;,&quot;end&quot;:&quot;bottom+=0px top&quot;}\" data-parallax-from=\"{&quot;y&quot;:&quot;0px&quot;,&quot;scaleX&quot;:1,&quot;scaleY&quot;:1,&quot;opacity&quot;:1}\" data-parallax-to=\"{&quot;y&quot;:&quot;-50px&quot;,&quot;scaleX&quot;:1.1,&quot;scaleY&quot;:1.1,&quot;opacity&quot;:0}\" class=\"elementor-section elementor-top-section elementor-element elementor-element-375afdd7 elementor-section-boxed elementor-section-height-default elementor-section-height-default\" data-id=\"375afdd7\" data-element_type=\"section\" data-settings=\"{&quot;background_background&quot;:&quot;classic&quot;}\">\n\t\t\t\t\t\t<div class=\"elementor-container elementor-column-gap-default\">\n\t\t\t\t\t<div class=\"elementor-column elementor-col-100 elementor-top-column elementor-element elementor-element-41ca5d1e\" data-id=\"41ca5d1e\" data-element_type=\"column\">\n\t\t\t<div class=\"elementor-widget-wrap\">\n\t\t\t\t\t\t\t\t\t<\/div>\n\t\t<\/div>\n\t\t\t\t\t\t\t<\/div>\n\t\t<\/section>\n\t\t\t\t<section class=\"elementor-section elementor-top-section elementor-element elementor-element-2ca6136a elementor-section-content-middle elementor-section-boxed elementor-section-height-default elementor-section-height-default\" data-id=\"2ca6136a\" data-element_type=\"section\" id=\"contact-section\">\n\t\t\t\t\t\t<div class=\"elementor-container elementor-column-gap-default\">\n\t\t\t\t\t<div class=\"elementor-column elementor-col-100 elementor-top-column elementor-element elementor-element-12130c2d\" data-id=\"12130c2d\" data-element_type=\"column\">\n\t\t\t<div class=\"elementor-widget-wrap elementor-element-populated\">\n\t\t\t\t\t\t\t\t<div class=\"elementor-element elementor-element-5bd7a672 elementor-widget elementor-widget-ld_cf722\" data-id=\"5bd7a672\" data-element_type=\"widget\" data-widget_type=\"ld_cf722.default\">\n\t\t\t\t<div class=\"elementor-widget-container\">\n\t\t\t\n\t<div class=\"lqd-contact-form lqd-contact-form-inputs-underlined lqd-contact-form-inputs-border-none lqd-contact-form-button-block lqd-contact-form-button-lg lqd-contact-form-inputs-sm\" >\n\t\t\n<div class=\"wpcf7 no-js\" id=\"wpcf7-f9084-o1\" lang=\"ca\" dir=\"ltr\">\n<div class=\"screen-reader-response\"><p role=\"status\" aria-live=\"polite\" aria-atomic=\"true\"><\/p> <ul><\/ul><\/div>\n<form action=\"\/ca\/wp-json\/wp\/v2\/pages\/9097#wpcf7-f9084-o1\" method=\"post\" class=\"wpcf7-form init\" aria-label=\"Formulari de contacte\" novalidate=\"novalidate\" data-status=\"init\">\n<div style=\"display: none;\">\n<input type=\"hidden\" name=\"_wpcf7\" value=\"9084\" \/>\n<input type=\"hidden\" name=\"_wpcf7_version\" value=\"5.8\" \/>\n<input type=\"hidden\" name=\"_wpcf7_locale\" value=\"ca\" \/>\n<input type=\"hidden\" name=\"_wpcf7_unit_tag\" value=\"wpcf7-f9084-o1\" \/>\n<input type=\"hidden\" name=\"_wpcf7_container_post\" value=\"0\" \/>\n<input type=\"hidden\" name=\"_wpcf7_posted_data_hash\" value=\"\" \/>\n<input type=\"hidden\" name=\"_wpcf7_recaptcha_response\" value=\"\" \/>\n<\/div>\n<style>\n@media (max-width:991px){.modal-b{border:1px solid #C6C6C6!important;}}\n.modal-b{\nborder:1px solid #C6C6C6;\n}\n.modal-bl-n{\nborder-left:none;\n}\n.modal-bb-n{\nborder-bottom:none;\n}\n.modal-p{\npadding:20px 10px 15px 20px;\nbackground:#fff;\n}\n.modal-text{\nmargin: 0; color: #4B4B4C; font-size: 14px;\n}\n<\/style>\n<div class=\"row p3\">\n\t<div class=\"col-md-6 modal-p modal-b modal-bb-n\">\n\t\t<p class=\"modal-text\">Nom\n\t\t<\/p>\n\t\t<p><span class=\"wpcf7-form-control-wrap\" data-name=\"name-619\"><input size=\"40\" class=\"wpcf7-form-control wpcf7-text wpcf7-validates-as-required\" aria-required=\"true\" aria-invalid=\"false\" placeholder=\"Nombre\" value=\"\" type=\"text\" name=\"name-619\" \/><\/span>\n\t\t<\/p>\n\t<\/div>\n\t<div class=\"col-md-6 modal-p modal-b modal-bb-n modal-bl-n\">\n\t\t<p class=\"modal-text\">Correu electr\u00f2nic\n\t\t<\/p>\n\t\t<p><span class=\"wpcf7-form-control-wrap\" data-name=\"email-899\"><input size=\"40\" class=\"wpcf7-form-control wpcf7-email wpcf7-validates-as-required wpcf7-text wpcf7-validates-as-email\" aria-required=\"true\" aria-invalid=\"false\" placeholder=\"Correo electr\u00f3nico\" value=\"\" type=\"email\" name=\"email-899\" \/><\/span>\n\t\t<\/p>\n\t<\/div>\n\t<div class=\"col-md-6 modal-p modal-b modal-bb-n\">\n\t\t<p class=\"modal-text\">Tel\u00e8fon\n\t\t<\/p>\n\t\t<p><span class=\"wpcf7-form-control-wrap\" data-name=\"tel-785\"><input size=\"40\" class=\"wpcf7-form-control wpcf7-tel wpcf7-text wpcf7-validates-as-tel\" aria-invalid=\"false\" placeholder=\"Tel\u00e8fon\" value=\"\" type=\"tel\" name=\"tel-785\" \/><\/span>\n\t\t<\/p>\n\t<\/div>\n\t<div class=\"col-md-6 modal-p modal-b modal-bb-n modal-bl-n\">\n\t\t<p class=\"modal-text\">Assumpte\n\t\t<\/p>\n\t\t<p><span class=\"wpcf7-form-control-wrap\" data-name=\"text-992\"><input size=\"40\" class=\"wpcf7-form-control wpcf7-text\" aria-invalid=\"false\" placeholder=\"Asunto\" value=\"\" type=\"text\" name=\"text-992\" \/><\/span>\n\t\t<\/p>\n\t<\/div>\n\t<div class=\"col-md-12 modal-p modal-b\">\n\t\t<p class=\"modal-text\">Consulta\n\t\t<\/p>\n\t\t<p><span class=\"wpcf7-form-control-wrap\" data-name=\"message-889\"><textarea cols=\"10\" rows=\"5\" class=\"wpcf7-form-control wpcf7-textarea wpcf7-validates-as-required\" aria-required=\"true\" aria-invalid=\"false\" placeholder=\"Explica la teva consulta\" name=\"message-889\"><\/textarea><\/span>\n\t\t<\/p>\n\t<\/div>\n\t<div class=\"col-md-12 p-0 mt-4 mb-4\" style=\"font-size: 12px;\">\n\t\t<p><span class=\"wpcf7-form-control-wrap\" data-name=\"acceptance-666\"><span class=\"wpcf7-form-control wpcf7-acceptance optional\"><span class=\"wpcf7-list-item\"><label><input type=\"checkbox\" name=\"acceptance-666\" value=\"1\" aria-invalid=\"false\" \/><span class=\"wpcf7-list-item-label\">He llegit i accepto la \u00a0<a href=\"https:\/mansstudio.com\/politica-privacidad\"> pol\u00edtica de privacitat<\/a><\/span><\/label><\/span><\/span><\/span>\n\t\t<\/p>\n\t<\/div>\n\t<div class=\"col-md-12 p-0\">\n\t\t<p><input class=\"wpcf7-form-control wpcf7-submit has-spinner\" type=\"submit\" value=\"Enviar mensaje\" \/>\n\t\t<\/p>\n\t<\/div>\n<\/div><div class=\"wpcf7-response-output\" aria-hidden=\"true\"><\/div>\n<\/form>\n<\/div>\n\t<\/div>\n\n\t\t\t<\/div>\n\t\t\t\t<\/div>\n\t\t\t\t\t<\/div>\n\t\t<\/div>\n\t\t\t\t\t\t\t<\/div>\n\t\t<\/section>\n\t\t\t\t\t\t\t<\/div>\n\t\t","protected":false},"excerpt":{"rendered":"<p>Vols contactar amb nosaltres? MANS ARQUITECTURA INTERIOR Avd. President Companys, 6 Local 1 08911 \u2013 Badalona Barcelona (Espa\u00f1a) 934661718 \/ 607876889 mansstudio@mansstudio.com administracion@mansstudio.com @mansstudio @mansstudio Nombre Correo electr\u00f3nico Tel\u00e9fono Asunto Consulta He le\u00eddo y acepto la &nbsp; pol\u00edtica de privacidad<\/p>\n","protected":false},"author":1,"featured_media":0,"parent":0,"menu_order":0,"comment_status":"closed","ping_status":"closed","template":"","meta":{"footnotes":""},"yoast_head":"<!-- This site is optimized with the Yoast SEO plugin v20.13 - https:\/\/yoast.com\/wordpress\/plugins\/seo\/ -->\n<title>Contacte - Mans Studio<\/title>\n<meta name=\"robots\" content=\"index, follow, max-snippet:-1, max-image-preview:large, max-video-preview:-1\" \/>\n<link rel=\"canonical\" href=\"https:\/\/mansstudio.com\/ca\/contacte\/\" \/>\n<meta property=\"og:locale\" content=\"ca_ES\" \/>\n<meta property=\"og:type\" content=\"article\" \/>\n<meta property=\"og:title\" content=\"Contacte - Mans Studio\" \/>\n<meta property=\"og:description\" content=\"Vols contactar amb nosaltres? MANS ARQUITECTURA INTERIOR Avd. President Companys, 6 Local 1 08911 \u2013 Badalona Barcelona (Espa\u00f1a) 934661718 \/ 607876889 mansstudio@mansstudio.com administracion@mansstudio.com @mansstudio @mansstudio Nombre Correo electr\u00f3nico Tel\u00e9fono Asunto Consulta He le\u00eddo y acepto la &nbsp; pol\u00edtica de privacidad\" \/>\n<meta property=\"og:url\" content=\"https:\/\/mansstudio.com\/ca\/contacte\/\" \/>\n<meta property=\"og:site_name\" content=\"Mans Studio\" \/>\n<meta property=\"article:modified_time\" content=\"2024-06-12T07:14:47+00:00\" \/>\n<meta name=\"twitter:card\" content=\"summary_large_image\" \/>\n<meta name=\"twitter:label1\" content=\"Temps estimat de lectura\" \/>\n\t<meta name=\"twitter:data1\" content=\"1 minut\" \/>\n<script type=\"application\/ld+json\" class=\"yoast-schema-graph\">{\"@context\":\"https:\/\/schema.org\",\"@graph\":[{\"@type\":\"WebPage\",\"@id\":\"https:\/\/mansstudio.com\/ca\/contacte\/\",\"url\":\"https:\/\/mansstudio.com\/ca\/contacte\/\",\"name\":\"Contacte - Mans Studio\",\"isPartOf\":{\"@id\":\"https:\/\/mansstudio.com\/ca\/#website\"},\"datePublished\":\"2022-04-06T12:46:33+00:00\",\"dateModified\":\"2024-06-12T07:14:47+00:00\",\"breadcrumb\":{\"@id\":\"https:\/\/mansstudio.com\/ca\/contacte\/#breadcrumb\"},\"inLanguage\":\"ca\",\"potentialAction\":[{\"@type\":\"ReadAction\",\"target\":[\"https:\/\/mansstudio.com\/ca\/contacte\/\"]}]},{\"@type\":\"BreadcrumbList\",\"@id\":\"https:\/\/mansstudio.com\/ca\/contacte\/#breadcrumb\",\"itemListElement\":[{\"@type\":\"ListItem\",\"position\":1,\"name\":\"Portada\",\"item\":\"https:\/\/mansstudio.com\/ca\/home\/\"},{\"@type\":\"ListItem\",\"position\":2,\"name\":\"Contacte\"}]},{\"@type\":\"WebSite\",\"@id\":\"https:\/\/mansstudio.com\/ca\/#website\",\"url\":\"https:\/\/mansstudio.com\/ca\/\",\"name\":\"Mans Studio\",\"description\":\"Arquitectura Interior\",\"publisher\":{\"@id\":\"https:\/\/mansstudio.com\/ca\/#organization\"},\"potentialAction\":[{\"@type\":\"SearchAction\",\"target\":{\"@type\":\"EntryPoint\",\"urlTemplate\":\"https:\/\/mansstudio.com\/ca\/?s={search_term_string}\"},\"query-input\":\"required name=search_term_string\"}],\"inLanguage\":\"ca\"},{\"@type\":\"Organization\",\"@id\":\"https:\/\/mansstudio.com\/ca\/#organization\",\"name\":\"Mans Studio\",\"url\":\"https:\/\/mansstudio.com\/ca\/\",\"logo\":{\"@type\":\"ImageObject\",\"inLanguage\":\"ca\",\"@id\":\"https:\/\/mansstudio.com\/ca\/#\/schema\/logo\/image\/\",\"url\":\"https:\/\/mansstudio.com\/wp-content\/uploads\/2022\/03\/logoblack.png\",\"contentUrl\":\"https:\/\/mansstudio.com\/wp-content\/uploads\/2022\/03\/logoblack.png\",\"width\":589,\"height\":177,\"caption\":\"Mans Studio\"},\"image\":{\"@id\":\"https:\/\/mansstudio.com\/ca\/#\/schema\/logo\/image\/\"}}]}<\/script>\n<!-- \/ Yoast SEO plugin. -->","yoast_head_json":{"title":"Contacte - Mans Studio","robots":{"index":"index","follow":"follow","max-snippet":"max-snippet:-1","max-image-preview":"max-image-preview:large","max-video-preview":"max-video-preview:-1"},"canonical":"https:\/\/mansstudio.com\/ca\/contacte\/","og_locale":"ca_ES","og_type":"article","og_title":"Contacte - Mans Studio","og_description":"Vols contactar amb nosaltres? MANS ARQUITECTURA INTERIOR Avd. President Companys, 6 Local 1 08911 \u2013 Badalona Barcelona (Espa\u00f1a) 934661718 \/ 607876889 mansstudio@mansstudio.com administracion@mansstudio.com @mansstudio @mansstudio Nombre Correo electr\u00f3nico Tel\u00e9fono Asunto Consulta He le\u00eddo y acepto la &nbsp; pol\u00edtica de privacidad","og_url":"https:\/\/mansstudio.com\/ca\/contacte\/","og_site_name":"Mans Studio","article_modified_time":"2024-06-12T07:14:47+00:00","twitter_card":"summary_large_image","twitter_misc":{"Temps estimat de lectura":"1 minut"},"schema":{"@context":"https:\/\/schema.org","@graph":[{"@type":"WebPage","@id":"https:\/\/mansstudio.com\/ca\/contacte\/","url":"https:\/\/mansstudio.com\/ca\/contacte\/","name":"Contacte - Mans Studio","isPartOf":{"@id":"https:\/\/mansstudio.com\/ca\/#website"},"datePublished":"2022-04-06T12:46:33+00:00","dateModified":"2024-06-12T07:14:47+00:00","breadcrumb":{"@id":"https:\/\/mansstudio.com\/ca\/contacte\/#breadcrumb"},"inLanguage":"ca","potentialAction":[{"@type":"ReadAction","target":["https:\/\/mansstudio.com\/ca\/contacte\/"]}]},{"@type":"BreadcrumbList","@id":"https:\/\/mansstudio.com\/ca\/contacte\/#breadcrumb","itemListElement":[{"@type":"ListItem","position":1,"name":"Portada","item":"https:\/\/mansstudio.com\/ca\/home\/"},{"@type":"ListItem","position":2,"name":"Contacte"}]},{"@type":"WebSite","@id":"https:\/\/mansstudio.com\/ca\/#website","url":"https:\/\/mansstudio.com\/ca\/","name":"Mans Studio","description":"Arquitectura Interior","publisher":{"@id":"https:\/\/mansstudio.com\/ca\/#organization"},"potentialAction":[{"@type":"SearchAction","target":{"@type":"EntryPoint","urlTemplate":"https:\/\/mansstudio.com\/ca\/?s={search_term_string}"},"query-input":"required name=search_term_string"}],"inLanguage":"ca"},{"@type":"Organization","@id":"https:\/\/mansstudio.com\/ca\/#organization","name":"Mans Studio","url":"https:\/\/mansstudio.com\/ca\/","logo":{"@type":"ImageObject","inLanguage":"ca","@id":"https:\/\/mansstudio.com\/ca\/#\/schema\/logo\/image\/","url":"https:\/\/mansstudio.com\/wp-content\/uploads\/2022\/03\/logoblack.png","contentUrl":"https:\/\/mansstudio.com\/wp-content\/uploads\/2022\/03\/logoblack.png","width":589,"height":177,"caption":"Mans Studio"},"image":{"@id":"https:\/\/mansstudio.com\/ca\/#\/schema\/logo\/image\/"}}]}},"_links":{"self":[{"href":"https:\/\/mansstudio.com\/ca\/wp-json\/wp\/v2\/pages\/9097"}],"collection":[{"href":"https:\/\/mansstudio.com\/ca\/wp-json\/wp\/v2\/pages"}],"about":[{"href":"https:\/\/mansstudio.com\/ca\/wp-json\/wp\/v2\/types\/page"}],"author":[{"embeddable":true,"href":"https:\/\/mansstudio.com\/ca\/wp-json\/wp\/v2\/users\/1"}],"replies":[{"embeddable":true,"href":"https:\/\/mansstudio.com\/ca\/wp-json\/wp\/v2\/comments?post=9097"}],"version-history":[{"count":16,"href":"https:\/\/mansstudio.com\/ca\/wp-json\/wp\/v2\/pages\/9097\/revisions"}],"predecessor-version":[{"id":9338,"href":"https:\/\/mansstudio.com\/ca\/wp-json\/wp\/v2\/pages\/9097\/revisions\/9338"}],"wp:attachment":[{"href":"https:\/\/mansstudio.com\/ca\/wp-json\/wp\/v2\/media?parent=9097"}],"curies":[{"name":"wp","href":"https:\/\/api.w.org\/{rel}","templated":true}]}}